{"id":657,"date":"2021-04-07T21:02:37","date_gmt":"2021-04-07T21:02:37","guid":{"rendered":"https:\/\/cautiva.de\/?page_id=657"},"modified":"2022-06-06T18:07:49","modified_gmt":"2022-06-06T18:07:49","slug":"firmenkunden","status":"publish","type":"page","link":"https:\/\/cautiva.de\/?page_id=657","title":{"rendered":"Firmenkunden"},"content":{"rendered":"\t\t<div data-elementor-type=\"wp-page\" data-elementor-id=\"657\" class=\"elementor elementor-657\">\n\t\t\t\t\t\t\t\t\t<section class=\"elementor-section elementor-top-section elementor-element elementor-element-747ce9ea elementor-section-boxed elementor-section-height-default elementor-section-height-default\" data-id=\"747ce9ea\" data-element_type=\"section\" data-settings=\"{&quot;background_background&quot;:&quot;classic&quot;}\">\n\t\t\t\t\t\t<div class=\"elementor-container elementor-column-gap-default\">\n\t\t\t\t\t<div class=\"elementor-column elementor-col-100 elementor-top-column elementor-element elementor-element-3ddebd3e\" data-id=\"3ddebd3e\" data-element_type=\"column\" data-settings=\"{&quot;background_background&quot;:&quot;classic&quot;}\">\n\t\t\t<div class=\"elementor-widget-wrap elementor-element-populated\">\n\t\t\t\t\t\t\t\t<div class=\"elementor-element elementor-element-46a85833 elementor-widget elementor-widget-heading\" data-id=\"46a85833\" data-element_type=\"widget\" data-widget_type=\"heading.default\">\n\t\t\t\t<div class=\"elementor-widget-container\">\n\t\t\t<h2 class=\"elementor-heading-title elementor-size-large\">Gesunde Mitarbeiter-\nGesunde UnterneHmen<\/h2>\t\t<\/div>\n\t\t\t\t<\/div>\n\t\t\t\t<div class=\"elementor-element elementor-element-1c2efa elementor-widget elementor-widget-text-editor\" data-id=\"1c2efa\" data-element_type=\"widget\" data-widget_type=\"text-editor.default\">\n\t\t\t\t<div class=\"elementor-widget-container\">\n\t\t\t\t\t\t\t<p>Mehr Motivation und gesteigerte Leistung. Weniger M\u00fcdigkeit, Ersch\u00f6pfung und\u00a0 Krankheitsausf\u00e4lle.<\/p>\t\t\t\t\t\t<\/div>\n\t\t\t\t<\/div>\n\t\t\t\t<div class=\"elementor-element elementor-element-5e2c4c9 elementor-mobile-align-center elementor-align-left elementor-tablet-align-center elementor-widget elementor-widget-button\" data-id=\"5e2c4c9\" data-element_type=\"widget\" data-widget_type=\"button.default\">\n\t\t\t\t<div class=\"elementor-widget-container\">\n\t\t\t\t\t<div class=\"elementor-button-wrapper\">\n\t\t\t<a href=\"https:\/\/cautiva.de\/contact\" class=\"elementor-button-link elementor-button elementor-size-xs\" role=\"button\">\n\t\t\t\t\t\t<span class=\"elementor-button-content-wrapper\">\n\t\t\t\t\t\t<span class=\"elementor-button-text\">Angebot Anfragen<\/span>\n\t\t<\/span>\n\t\t\t\t\t<\/a>\n\t\t<\/div>\n\t\t\t\t<\/div>\n\t\t\t\t<\/div>\n\t\t\t\t\t<\/div>\n\t\t<\/div>\n\t\t\t\t\t\t\t<\/div>\n\t\t<\/section>\n\t\t\t\t<section class=\"elementor-section elementor-top-section elementor-element elementor-element-f3474c3 elementor-section-boxed elementor-section-height-default elementor-section-height-default\" data-id=\"f3474c3\" data-element_type=\"section\">\n\t\t\t\t\t\t<div class=\"elementor-container elementor-column-gap-default\">\n\t\t\t\t\t<div class=\"elementor-column elementor-col-100 elementor-top-column elementor-element elementor-element-6c47b02\" data-id=\"6c47b02\" data-element_type=\"column\">\n\t\t\t<div class=\"elementor-widget-wrap elementor-element-populated\">\n\t\t\t\t\t\t\t\t<div class=\"elementor-element elementor-element-93a2be1 elementor-widget elementor-widget-spacer\" data-id=\"93a2be1\" data-element_type=\"widget\" data-widget_type=\"spacer.default\">\n\t\t\t\t<div class=\"elementor-widget-container\">\n\t\t\t\t\t<div class=\"elementor-spacer\">\n\t\t\t<div class=\"elementor-spacer-inner\"><\/div>\n\t\t<\/div>\n\t\t\t\t<\/div>\n\t\t\t\t<\/div>\n\t\t\t\t\t<\/div>\n\t\t<\/div>\n\t\t\t\t\t\t\t<\/div>\n\t\t<\/section>\n\t\t\t\t<section class=\"elementor-section elementor-top-section elementor-element elementor-element-138490e elementor-section-full_width elementor-section-content-middle elementor-section-stretched elementor-section-height-default elementor-section-height-default\" data-id=\"138490e\" data-element_type=\"section\" data-settings=\"{&quot;stretch_section&quot;:&quot;section-stretched&quot;,&quot;background_background&quot;:&quot;classic&quot;}\">\n\t\t\t\t\t\t\t<div class=\"elementor-background-overlay\"><\/div>\n\t\t\t\t\t\t\t<div class=\"elementor-container elementor-column-gap-no\">\n\t\t\t\t\t<div class=\"elementor-column elementor-col-100 elementor-top-column elementor-element elementor-element-f9948f1\" data-id=\"f9948f1\" data-element_type=\"column\">\n\t\t\t<div class=\"elementor-widget-wrap elementor-element-populated\">\n\t\t\t\t\t\t\t\t<div class=\"elementor-element elementor-element-ac160cf elementor-widget__width-initial elementor-widget elementor-widget-text-editor\" data-id=\"ac160cf\" data-element_type=\"widget\" data-widget_type=\"text-editor.default\">\n\t\t\t\t<div class=\"elementor-widget-container\">\n\t\t\t\t\t\t\t<p>Durch meine langj\u00e4hrige Berufserfahrung in der IT Beratung habe ich mir ein umfangreiches Wissen \u00fcber Unternehmensprozesse und Unternehmensgesundheit angeeignet. Meine aktuellen T\u00e4tigkeit\u00a0 konzentriert sich darauf, Firmen im digitalen und kulturellen Wandel zu unterst\u00fctzen und dabei insbesondere die Bed\u00fcrfnisse und Befindlichkeiten der Mitarbeiter zu ber\u00fccksichtigen. In zahlreichen Workshops- und Beratungsformaten habe ich meine Firmenkunden begleitet. Aus diesem Grund basieren meine Angebote auf einem soliden und auf die Firmen zugeschnittenen Fundament.<\/p>\t\t\t\t\t\t<\/div>\n\t\t\t\t<\/div>\n\t\t\t\t\t<\/div>\n\t\t<\/div>\n\t\t\t\t\t\t\t<\/div>\n\t\t<\/section>\n\t\t\t\t<section class=\"elementor-section elementor-top-section elementor-element elementor-element-7584583 elementor-section-boxed elementor-section-height-default elementor-section-height-default\" data-id=\"7584583\" data-element_type=\"section\">\n\t\t\t\t\t\t<div class=\"elementor-container elementor-column-gap-default\">\n\t\t\t\t\t<div class=\"elementor-column elementor-col-100 elementor-top-column elementor-element elementor-element-6045ca8\" data-id=\"6045ca8\" data-element_type=\"column\">\n\t\t\t<div class=\"elementor-widget-wrap elementor-element-populated\">\n\t\t\t\t\t\t\t\t<div class=\"elementor-element elementor-element-424f138 elementor-widget elementor-widget-spacer\" data-id=\"424f138\" data-element_type=\"widget\" data-widget_type=\"spacer.default\">\n\t\t\t\t<div class=\"elementor-widget-container\">\n\t\t\t\t\t<div class=\"elementor-spacer\">\n\t\t\t<div class=\"elementor-spacer-inner\"><\/div>\n\t\t<\/div>\n\t\t\t\t<\/div>\n\t\t\t\t<\/div>\n\t\t\t\t\t<\/div>\n\t\t<\/div>\n\t\t\t\t\t\t\t<\/div>\n\t\t<\/section>\n\t\t\t\t<section class=\"elementor-section elementor-top-section elementor-element elementor-element-2be02e94 elementor-section-content-middle elementor-section-boxed elementor-section-height-default elementor-section-height-default\" data-id=\"2be02e94\" data-element_type=\"section\">\n\t\t\t\t\t\t<div class=\"elementor-container elementor-column-gap-no\">\n\t\t\t\t\t<div class=\"elementor-column elementor-col-33 elementor-top-column elementor-element elementor-element-383dc33e\" data-id=\"383dc33e\" data-element_type=\"column\">\n\t\t\t<div class=\"elementor-widget-wrap elementor-element-populated\">\n\t\t\t\t\t\t\t\t<div class=\"elementor-element elementor-element-69cf3a4d elementor-widget elementor-widget-heading\" data-id=\"69cf3a4d\" data-element_type=\"widget\" data-widget_type=\"heading.default\">\n\t\t\t\t<div class=\"elementor-widget-container\">\n\t\t\t<h3 class=\"elementor-heading-title elementor-size-default\">Ganzheitlich<\/h3>\t\t<\/div>\n\t\t\t\t<\/div>\n\t\t\t\t<div class=\"elementor-element elementor-element-7bd9d31c elementor-widget-divider--view-line elementor-widget elementor-widget-divider\" data-id=\"7bd9d31c\" data-element_type=\"widget\" data-widget_type=\"divider.default\">\n\t\t\t\t<div class=\"elementor-widget-container\">\n\t\t\t\t\t<div class=\"elementor-divider\">\n\t\t\t<span class=\"elementor-divider-separator\">\n\t\t\t\t\t\t<\/span>\n\t\t<\/div>\n\t\t\t\t<\/div>\n\t\t\t\t<\/div>\n\t\t\t\t<div class=\"elementor-element elementor-element-69ff0b81 elementor-widget elementor-widget-text-editor\" data-id=\"69ff0b81\" data-element_type=\"widget\" data-widget_type=\"text-editor.default\">\n\t\t\t\t<div class=\"elementor-widget-container\">\n\t\t\t\t\t\t\t<p>Zusammen mit der Physiotherapeutin und Yogalehrerin Verena Kriegl <a href=\"http:\/\/www.somathera.de\/\" target=\"_blank\" rel=\"noopener\">(Praxis Somathera)<\/a> ber\u00fccksichtigen wir viele Faktoren\u00a0 und gehen diese ganzheitlich an, um \u00dcberlastung, Verspannung und k\u00f6rperliche Beschwerden vorzubeugen und\/oder entgegenzuwirken.<\/p><p>Gemeinsam erstellen wir Ihr individuelles Konzept f\u00fcr mehr Gesundheit im Unternehmen.<\/p>\t\t\t\t\t\t<\/div>\n\t\t\t\t<\/div>\n\t\t\t\t\t<\/div>\n\t\t<\/div>\n\t\t\t\t<div class=\"elementor-column elementor-col-33 elementor-top-column elementor-element elementor-element-50737dea\" data-id=\"50737dea\" data-element_type=\"column\">\n\t\t\t<div class=\"elementor-widget-wrap elementor-element-populated\">\n\t\t\t\t\t\t\t\t<div class=\"elementor-element elementor-element-608e1ee0 elementor-widget elementor-widget-image\" data-id=\"608e1ee0\" data-element_type=\"widget\" data-widget_type=\"image.default\">\n\t\t\t\t<div class=\"elementor-widget-container\">\n\t\t\t\t\t\t\t\t\t\t\t\t\t\t\t<img loading=\"lazy\" decoding=\"async\" width=\"1365\" height=\"2048\" src=\"https:\/\/cautiva.de\/wp-content\/uploads\/2021\/05\/Physo.jpg\" class=\"elementor-animation-grow attachment-full size-full\" alt=\"\" srcset=\"https:\/\/cautiva.de\/wp-content\/uploads\/2021\/05\/Physo.jpg 1365w, https:\/\/cautiva.de\/wp-content\/uploads\/2021\/05\/Physo-600x900.jpg 600w, https:\/\/cautiva.de\/wp-content\/uploads\/2021\/05\/Physo-200x300.jpg 200w, https:\/\/cautiva.de\/wp-content\/uploads\/2021\/05\/Physo-683x1024.jpg 683w, https:\/\/cautiva.de\/wp-content\/uploads\/2021\/05\/Physo-768x1152.jpg 768w, https:\/\/cautiva.de\/wp-content\/uploads\/2021\/05\/Physo-1024x1536.jpg 1024w\" sizes=\"auto, (max-width: 1365px) 100vw, 1365px\" \/>\t\t\t\t\t\t\t\t\t\t\t\t\t\t\t<\/div>\n\t\t\t\t<\/div>\n\t\t\t\t<div class=\"elementor-element elementor-element-da65ebf elementor-widget elementor-widget-text-editor\" data-id=\"da65ebf\" data-element_type=\"widget\" data-widget_type=\"text-editor.default\">\n\t\t\t\t<div class=\"elementor-widget-container\">\n\t\t\t\t\t\t\t<p>Ob im Homeoffice oder am Arbeitsplatz: Eine gesunde work-life-Balance ist das Fundament f\u00fcr die k\u00f6rperliche und psychische Gesundheit.\u00a0<\/p>\t\t\t\t\t\t<\/div>\n\t\t\t\t<\/div>\n\t\t\t\t\t<\/div>\n\t\t<\/div>\n\t\t\t\t<div class=\"elementor-column elementor-col-33 elementor-top-column elementor-element elementor-element-77b965b9\" data-id=\"77b965b9\" data-element_type=\"column\">\n\t\t\t<div class=\"elementor-widget-wrap elementor-element-populated\">\n\t\t\t\t\t\t\t\t<div class=\"elementor-element elementor-element-25e29f49 elementor-widget elementor-widget-image\" data-id=\"25e29f49\" data-element_type=\"widget\" data-widget_type=\"image.default\">\n\t\t\t\t<div class=\"elementor-widget-container\">\n\t\t\t\t\t\t\t\t\t\t\t\t\t\t\t<img loading=\"lazy\" decoding=\"async\" width=\"815\" height=\"571\" src=\"https:\/\/cautiva.de\/wp-content\/uploads\/2021\/04\/Kurs-Kopie-Kopie.jpg\" class=\"elementor-animation-grow attachment-full size-full\" alt=\"\" srcset=\"https:\/\/cautiva.de\/wp-content\/uploads\/2021\/04\/Kurs-Kopie-Kopie.jpg 815w, https:\/\/cautiva.de\/wp-content\/uploads\/2021\/04\/Kurs-Kopie-Kopie-600x420.jpg 600w, https:\/\/cautiva.de\/wp-content\/uploads\/2021\/04\/Kurs-Kopie-Kopie-300x210.jpg 300w, https:\/\/cautiva.de\/wp-content\/uploads\/2021\/04\/Kurs-Kopie-Kopie-768x538.jpg 768w\" sizes=\"auto, (max-width: 815px) 100vw, 815px\" \/>\t\t\t\t\t\t\t\t\t\t\t\t\t\t\t<\/div>\n\t\t\t\t<\/div>\n\t\t\t\t<div class=\"elementor-element elementor-element-f541b57 elementor-widget elementor-widget-text-editor\" data-id=\"f541b57\" data-element_type=\"widget\" data-widget_type=\"text-editor.default\">\n\t\t\t\t<div class=\"elementor-widget-container\">\n\t\t\t\t\t\t\t<p>Im Mittelpunkt unserer Gruppen- und Einzelangebote stehen Entspannung, sanftes Yoga, Bewegung ,Techniken der Physiotherapie sowie auch Ergonomieberatung am Arbeits- und Homeofficeplatz.<\/p>\t\t\t\t\t\t<\/div>\n\t\t\t\t<\/div>\n\t\t\t\t\t<\/div>\n\t\t<\/div>\n\t\t\t\t\t\t\t<\/div>\n\t\t<\/section>\n\t\t\t\t<section class=\"elementor-section elementor-top-section elementor-element elementor-element-9be5d9c elementor-section-boxed elementor-section-height-default elementor-section-height-default\" data-id=\"9be5d9c\" data-element_type=\"section\">\n\t\t\t\t\t\t<div class=\"elementor-container elementor-column-gap-default\">\n\t\t\t\t\t<div class=\"elementor-column elementor-col-100 elementor-top-column elementor-element elementor-element-d368be5\" data-id=\"d368be5\" data-element_type=\"column\">\n\t\t\t<div class=\"elementor-widget-wrap elementor-element-populated\">\n\t\t\t\t\t\t\t\t<div class=\"elementor-element elementor-element-c749d73 elementor-mobile-align-center elementor-align-left elementor-widget elementor-widget-button\" data-id=\"c749d73\" data-element_type=\"widget\" data-widget_type=\"button.default\">\n\t\t\t\t<div class=\"elementor-widget-container\">\n\t\t\t\t\t<div class=\"elementor-button-wrapper\">\n\t\t\t<a href=\"https:\/\/cautiva.de\/contact\" class=\"elementor-button-link elementor-button elementor-size-xs\" role=\"button\">\n\t\t\t\t\t\t<span class=\"elementor-button-content-wrapper\">\n\t\t\t\t\t\t<span class=\"elementor-button-text\">Angebot Anfragen<\/span>\n\t\t<\/span>\n\t\t\t\t\t<\/a>\n\t\t<\/div>\n\t\t\t\t<\/div>\n\t\t\t\t<\/div>\n\t\t\t\t\t<\/div>\n\t\t<\/div>\n\t\t\t\t\t\t\t<\/div>\n\t\t<\/section>\n\t\t\t\t\t\t\t<\/div>\n\t\t","protected":false},"excerpt":{"rendered":"<p>Gesunde Mitarbeiter- Gesunde UnterneHmen Mehr Motivation und gesteigerte Leistung. Weniger M\u00fcdigkeit, Ersch\u00f6pfung und\u00a0 Krankheitsausf\u00e4lle. Angebot Anfragen Durch meine langj\u00e4hrige Berufserfahrung in der IT Beratung habe ich mir ein umfangreiches Wissen \u00fcber Unternehmensprozesse und Unternehmensgesundheit angeeignet. Meine aktuellen T\u00e4tigkeit\u00a0 konzentriert sich darauf, Firmen im digitalen und kulturellen Wandel zu unterst\u00fctzen und dabei insbesondere die Bed\u00fcrfnisse und [&hellip;]<\/p>\n","protected":false},"author":1,"featured_media":0,"parent":0,"menu_order":0,"comment_status":"closed","ping_status":"closed","template":"","meta":{"footnotes":""},"class_list":["post-657","page","type-page","status-publish","hentry"],"yoast_head":"<!-- This site is optimized with the Yoast SEO plugin v19.8 - https:\/\/yoast.com\/wordpress\/plugins\/seo\/ -->\n<title>Firmenkunden -<\/title>\n<meta name=\"robots\" content=\"index, follow, max-snippet:-1, max-image-preview:large, max-video-preview:-1\" \/>\n<link rel=\"canonical\" href=\"https:\/\/cautiva.de\/?page_id=657\" \/>\n<meta property=\"og:locale\" content=\"de_DE\" \/>\n<meta property=\"og:type\" content=\"article\" \/>\n<meta property=\"og:title\" content=\"Firmenkunden -\" \/>\n<meta property=\"og:description\" content=\"Gesunde Mitarbeiter- Gesunde UnterneHmen Mehr Motivation und gesteigerte Leistung. Weniger M\u00fcdigkeit, Ersch\u00f6pfung und\u00a0 Krankheitsausf\u00e4lle. Angebot Anfragen Durch meine langj\u00e4hrige Berufserfahrung in der IT Beratung habe ich mir ein umfangreiches Wissen \u00fcber Unternehmensprozesse und Unternehmensgesundheit angeeignet. Meine aktuellen T\u00e4tigkeit\u00a0 konzentriert sich darauf, Firmen im digitalen und kulturellen Wandel zu unterst\u00fctzen und dabei insbesondere die Bed\u00fcrfnisse und [&hellip;]\" \/>\n<meta property=\"og:url\" content=\"https:\/\/cautiva.de\/?page_id=657\" \/>\n<meta property=\"article:modified_time\" content=\"2022-06-06T18:07:49+00:00\" \/>\n<meta property=\"og:image\" content=\"https:\/\/cautiva.de\/wp-content\/uploads\/2021\/05\/Physo.jpg\" \/>\n<meta name=\"twitter:card\" content=\"summary_large_image\" \/>\n<meta name=\"twitter:label1\" content=\"Gesch\u00e4tzte Lesezeit\" \/>\n\t<meta name=\"twitter:data1\" content=\"1\u00a0Minute\" \/>\n<script type=\"application\/ld+json\" class=\"yoast-schema-graph\">{\"@context\":\"https:\/\/schema.org\",\"@graph\":[{\"@type\":\"WebPage\",\"@id\":\"https:\/\/cautiva.de\/?page_id=657\",\"url\":\"https:\/\/cautiva.de\/?page_id=657\",\"name\":\"Firmenkunden -\",\"isPartOf\":{\"@id\":\"https:\/\/cautiva.de\/#website\"},\"datePublished\":\"2021-04-07T21:02:37+00:00\",\"dateModified\":\"2022-06-06T18:07:49+00:00\",\"breadcrumb\":{\"@id\":\"https:\/\/cautiva.de\/?page_id=657#breadcrumb\"},\"inLanguage\":\"de\",\"potentialAction\":[{\"@type\":\"ReadAction\",\"target\":[\"https:\/\/cautiva.de\/?page_id=657\"]}]},{\"@type\":\"BreadcrumbList\",\"@id\":\"https:\/\/cautiva.de\/?page_id=657#breadcrumb\",\"itemListElement\":[{\"@type\":\"ListItem\",\"position\":1,\"name\":\"Startseite\",\"item\":\"https:\/\/cautiva.de\/\"},{\"@type\":\"ListItem\",\"position\":2,\"name\":\"Firmenkunden\"}]},{\"@type\":\"WebSite\",\"@id\":\"https:\/\/cautiva.de\/#website\",\"url\":\"https:\/\/cautiva.de\/\",\"name\":\"\",\"description\":\"Entspannung - Achtsamkeit - Gesundheit\",\"publisher\":{\"@id\":\"https:\/\/cautiva.de\/#organization\"},\"potentialAction\":[{\"@type\":\"SearchAction\",\"target\":{\"@type\":\"EntryPoint\",\"urlTemplate\":\"https:\/\/cautiva.de\/?s={search_term_string}\"},\"query-input\":\"required name=search_term_string\"}],\"inLanguage\":\"de\"},{\"@type\":\"Organization\",\"@id\":\"https:\/\/cautiva.de\/#organization\",\"name\":\"Cautiva Mindfulness\",\"url\":\"https:\/\/cautiva.de\/\",\"sameAs\":[\"https:\/\/www.instagram.com\/cautiva.de\/\"],\"logo\":{\"@type\":\"ImageObject\",\"inLanguage\":\"de\",\"@id\":\"https:\/\/cautiva.de\/#\/schema\/logo\/image\/\",\"url\":\"https:\/\/cautiva.de\/wp-content\/uploads\/2021\/05\/87B2EE39-F92D-4401-A588-9583AD9A5A8F.png\",\"contentUrl\":\"https:\/\/cautiva.de\/wp-content\/uploads\/2021\/05\/87B2EE39-F92D-4401-A588-9583AD9A5A8F.png\",\"width\":500,\"height\":500,\"caption\":\"Cautiva Mindfulness\"},\"image\":{\"@id\":\"https:\/\/cautiva.de\/#\/schema\/logo\/image\/\"}}]}<\/script>\n<!-- \/ Yoast SEO plugin. -->","yoast_head_json":{"title":"Firmenkunden -","robots":{"index":"index","follow":"follow","max-snippet":"max-snippet:-1","max-image-preview":"max-image-preview:large","max-video-preview":"max-video-preview:-1"},"canonical":"https:\/\/cautiva.de\/?page_id=657","og_locale":"de_DE","og_type":"article","og_title":"Firmenkunden -","og_description":"Gesunde Mitarbeiter- Gesunde UnterneHmen Mehr Motivation und gesteigerte Leistung. Weniger M\u00fcdigkeit, Ersch\u00f6pfung und\u00a0 Krankheitsausf\u00e4lle. Angebot Anfragen Durch meine langj\u00e4hrige Berufserfahrung in der IT Beratung habe ich mir ein umfangreiches Wissen \u00fcber Unternehmensprozesse und Unternehmensgesundheit angeeignet. Meine aktuellen T\u00e4tigkeit\u00a0 konzentriert sich darauf, Firmen im digitalen und kulturellen Wandel zu unterst\u00fctzen und dabei insbesondere die Bed\u00fcrfnisse und [&hellip;]","og_url":"https:\/\/cautiva.de\/?page_id=657","article_modified_time":"2022-06-06T18:07:49+00:00","og_image":[{"url":"https:\/\/cautiva.de\/wp-content\/uploads\/2021\/05\/Physo.jpg"}],"twitter_card":"summary_large_image","twitter_misc":{"Gesch\u00e4tzte Lesezeit":"1\u00a0Minute"},"schema":{"@context":"https:\/\/schema.org","@graph":[{"@type":"WebPage","@id":"https:\/\/cautiva.de\/?page_id=657","url":"https:\/\/cautiva.de\/?page_id=657","name":"Firmenkunden -","isPartOf":{"@id":"https:\/\/cautiva.de\/#website"},"datePublished":"2021-04-07T21:02:37+00:00","dateModified":"2022-06-06T18:07:49+00:00","breadcrumb":{"@id":"https:\/\/cautiva.de\/?page_id=657#breadcrumb"},"inLanguage":"de","potentialAction":[{"@type":"ReadAction","target":["https:\/\/cautiva.de\/?page_id=657"]}]},{"@type":"BreadcrumbList","@id":"https:\/\/cautiva.de\/?page_id=657#breadcrumb","itemListElement":[{"@type":"ListItem","position":1,"name":"Startseite","item":"https:\/\/cautiva.de\/"},{"@type":"ListItem","position":2,"name":"Firmenkunden"}]},{"@type":"WebSite","@id":"https:\/\/cautiva.de\/#website","url":"https:\/\/cautiva.de\/","name":"","description":"Entspannung - Achtsamkeit - Gesundheit","publisher":{"@id":"https:\/\/cautiva.de\/#organization"},"potentialAction":[{"@type":"SearchAction","target":{"@type":"EntryPoint","urlTemplate":"https:\/\/cautiva.de\/?s={search_term_string}"},"query-input":"required name=search_term_string"}],"inLanguage":"de"},{"@type":"Organization","@id":"https:\/\/cautiva.de\/#organization","name":"Cautiva Mindfulness","url":"https:\/\/cautiva.de\/","sameAs":["https:\/\/www.instagram.com\/cautiva.de\/"],"logo":{"@type":"ImageObject","inLanguage":"de","@id":"https:\/\/cautiva.de\/#\/schema\/logo\/image\/","url":"https:\/\/cautiva.de\/wp-content\/uploads\/2021\/05\/87B2EE39-F92D-4401-A588-9583AD9A5A8F.png","contentUrl":"https:\/\/cautiva.de\/wp-content\/uploads\/2021\/05\/87B2EE39-F92D-4401-A588-9583AD9A5A8F.png","width":500,"height":500,"caption":"Cautiva Mindfulness"},"image":{"@id":"https:\/\/cautiva.de\/#\/schema\/logo\/image\/"}}]}},"_links":{"self":[{"href":"https:\/\/cautiva.de\/index.php?rest_route=\/wp\/v2\/pages\/657","targetHints":{"allow":["GET"]}}],"collection":[{"href":"https:\/\/cautiva.de\/index.php?rest_route=\/wp\/v2\/pages"}],"about":[{"href":"https:\/\/cautiva.de\/index.php?rest_route=\/wp\/v2\/types\/page"}],"author":[{"embeddable":true,"href":"https:\/\/cautiva.de\/index.php?rest_route=\/wp\/v2\/users\/1"}],"replies":[{"embeddable":true,"href":"https:\/\/cautiva.de\/index.php?rest_route=%2Fwp%2Fv2%2Fcomments&post=657"}],"version-history":[{"count":163,"href":"https:\/\/cautiva.de\/index.php?rest_route=\/wp\/v2\/pages\/657\/revisions"}],"predecessor-version":[{"id":2579,"href":"https:\/\/cautiva.de\/index.php?rest_route=\/wp\/v2\/pages\/657\/revisions\/2579"}],"wp:attachment":[{"href":"https:\/\/cautiva.de\/index.php?rest_route=%2Fwp%2Fv2%2Fmedia&parent=657"}],"curies":[{"name":"wp","href":"https:\/\/api.w.org\/{rel}","templated":true}]}}