{"id":2375,"date":"2021-12-13T11:55:29","date_gmt":"2021-12-13T11:55:29","guid":{"rendered":"https:\/\/cautiva.de\/?page_id=2375"},"modified":"2022-10-13T19:33:25","modified_gmt":"2022-10-13T19:33:25","slug":"agb","status":"publish","type":"page","link":"https:\/\/cautiva.de\/?page_id=2375","title":{"rendered":"AGB"},"content":{"rendered":"\t\t<div data-elementor-type=\"wp-page\" data-elementor-id=\"2375\" class=\"elementor elementor-2375\">\n\t\t\t\t\t\t\t\t\t<section class=\"elementor-section elementor-top-section elementor-element elementor-element-33fde6cd elementor-section-boxed elementor-section-height-default elementor-section-height-default\" data-id=\"33fde6cd\" data-element_type=\"section\">\n\t\t\t\t\t\t<div class=\"elementor-container elementor-column-gap-default\">\n\t\t\t\t\t<div class=\"elementor-column elementor-col-100 elementor-top-column elementor-element elementor-element-15829334\" data-id=\"15829334\" data-element_type=\"column\">\n\t\t\t<div class=\"elementor-widget-wrap elementor-element-populated\">\n\t\t\t\t\t\t\t\t<div class=\"elementor-element elementor-element-6b5a3a35 elementor-widget elementor-widget-text-editor\" data-id=\"6b5a3a35\" data-element_type=\"widget\" data-widget_type=\"text-editor.default\">\n\t\t\t\t<div class=\"elementor-widget-container\">\n\t\t\t\t\t\t\t<section data-id=\"274e369\" data-element_type=\"section\">\n<div>\n<div>\n<div data-id=\"9009d6b\" data-element_type=\"column\">\n<div>\n<div>\n<div data-id=\"fc9d8ea\" data-element_type=\"widget\" data-widget_type=\"heading.default\">\n<div>\n<h1>Allgemeine Gesch\u00e4ftsbedingungen Kurse, Veranstaltungen &amp; Buchungstool<\/h1>\n<p><\/p>\n<h2>Geltungsumfang<\/h2>\n<p>Diese allgemeinen Gesch\u00e4ftsbedingungen (AGB) gelten f\u00fcr das Rechtsverh\u00e4ltnis zwischen uns, Yasmina Ebert Cautiva Mindfulness (im Folgenden auch \u201eder Anbieter\u201c), und den Kunden, welche die \u00fcber unseren Webauftritt&nbsp;https:\/\/widget.fitogram.pro\/cautiva in der App \u201eFitogram\u201c, vor Ort, online oder anderweitig angebotenen Leistungen in Anspruch nehmen.<br>Diese AGB k\u00f6nnen auf Wunsch des Kunden jederzeit bei uns per E-Mail an info@cautiva.de oder schriftlich angefragt werden. Die AGB k\u00f6nnen auch jederzeit auf unserer Webseite abgerufen werden.<br>Durch die Buchung einer Dienstleistung erkennt der Kunde die jeweils aktuelle Version dieser AGB f\u00fcr alle Rechtsverh\u00e4ltnisse zwischen ihm und uns als verbindlich an.<br>Auf das Rechtsverh\u00e4ltnis zwischen uns und dem Kunden finden ausschlie\u00dflich diese AGB Anwendung. Abweichenden Regelungen oder Vorschriften des Kunden wird hiermit ausdr\u00fccklich widersprochen. Abweichende Regelungen oder Vorschriften des Kunden finden auch dann keine Anwendung, wenn wir diesen nicht individuell ausdr\u00fccklich widersprechen.<\/p>\n<h2>Anmeldung<\/h2>\n<p>Die Anmeldung erfolgt im Normalfall durch Buchung \u00fcber das verlinkte Buchungsprogramm Fitogram, oder in Ausnahmef\u00e4llen \u00fcber das Kontaktformular der Webseite (cautiv.de) sowie&nbsp; in Ausnahme manuell nach Absprache.&nbsp; Die Anmeldungen werden in der Reihenfolge des Eingangs angenommen. Kursanmeldungen und Buchungen k\u00f6nnen nur nach Absprache mit uns auf eine andere Person \u00fcbertragen werden. Anmeldungen und Buchungen sind verbindlich, die Platzreservierung erfolgt nach Zahlungseingang der Teilnahmegeb\u00fchr. F\u00fcr Veranstaltungen k\u00f6nnen unterschiedliche Anmeldefristen gelten, die jeweils ausgeschrieben werden. Die Anmeldung wird in allen Fa\u0308llen erst mit der Best\u00e4tigungsbenachrichtigung wirksam. Uhrzeiten und Kursorte k\u00f6nnen sich gegebenenfalls \u00e4ndern, Ausschreibungen sind zu beachten.&nbsp;Ein Vertragsschluss \u00fcber kostenpflichtige Trainings-, Kurs-, Coaching- oder Dienstleistungen kommt zustande, wenn der Kunde auf der Fitogram Plattform oder App in seinem Kundenkonto (oder seinem neu zu erstellenden Kundenkonto) die gew\u00fcnschte Leistung ausw\u00e4hlt, zur Kasse geht und dort die Bestellung durch Klick auf den Button \u201ejetzt kaufen\u201c best\u00e4tigt. Des weiteren kann der Kunden vor Ort oder telefonisch einen Vertrag \u00fcber kostenpflichtige Trainings-, Kurs-, Coaching Dienstleistungen abschlie\u00dfen.<\/p>\n<p>Ein Vertragsschluss \u00fcber die kostenfreie Nutzung der Fitogram Plattform und der App kommt zustande, wenn der Kunde sich auf unserer Webseite oder der App nach Eingabe von seinen pers\u00f6nlichen Details registriert und den Best\u00e4tigungslink in der nach Registrierung \u00fcbersendeten Mail anklickt.<\/p>\n<h2>Geb\u00fchren<\/h2>\n<p>Alle unsere Veranstaltungen und Kurse sind grunds\u00e4tzlich geb\u00fchrenpflichtig. Die H\u00f6he der Geb\u00fchren ist in den Ausschreibungen der einzelnen Kurse\/Veranstaltungen immer angegeben. \u00c4nderungen sind vorbehalten. Die Geb\u00fchren aller Veranstaltungen und Kurse m\u00fcssen grunds\u00e4tzlich vor Beginn der jeweiligen Veranstaltung\/des Kurses entrichtet werden. Eine R\u00fcckerstattung ist ausgeschlossen, auch wenn die Teilnehmerin\/der Teilnehmer Leistungen nicht in Anspruch nimmt, aus Gr\u00fcnden, die sie\/er selbst zu vertreten hat.<\/p>\n<p>Buchbare Dienstleistungen, Karten, Pakete, Abos<\/p>\n<p>Der Kunde kann einzelne Dienstleistungen, Einzelkarten, Mehrfachkarten buchen. F\u00fcr die Einzelheiten der jeweiligen Karten und Pakete wird auf das jeweilige dem Vertrag zugrundeliegende Angebot verwiesen. Im \u00dcbrigen gilt Folgendes.<br>Einzel- und Mehrfachkarten berechtigen zur Nutzung der entsprechenden Anzahl der Kursangebote innerhalb einer bestimmten Monatsfrist ab Kauf der Karte.<\/p>\n<p>Sonderkarten, Sonderpakete und Gutscheine unterliegen den jeweils im Angebot dargestellten Bedingungen.<\/p>\n<h2>R\u00fccktritt\/Abmeldung<\/h2>\n<p><strong>Kurse Drop In, gebuchte Kursstunde einer Punktekarte (online &amp; offline)<\/strong><\/p>\n<p>Der R\u00fccktritt\/die Abmeldung eines Teilnehmers\/einer Teilnehmerin von einem Kurs ist bei Einzelveranstaltungen bis zur jeweiligen Abmeldefrist 24h vor Kursbeginn kostenlos m\u00f6glich. Bei einer sp\u00e4teren Abmeldung ist die Kursgeb\u00fchr zu 100% zu entrichten. Bei Nichterscheinen ohne rechtzeitige Abmeldung ist bei Einzelveranstaltungen die volle Kursgeb\u00fchr f\u00e4llig.&nbsp;<\/p>\n<p style=\"font-size: 14.4px; font-style: normal; font-weight: 400;\"><span style=\"font-weight: 700;\">Kurse allgemein (online &amp; offline)<\/span><\/p>\n<p style=\"font-size: 14.4px; font-style: normal; font-weight: 400;\">Der R\u00fccktritt\/die Abmeldung eines Teilnehmers\/einer Teilnehmerin von einem Kurs ist bei Einzelveranstaltungen bis zur jeweiligen Abmeldefrist (abh\u00e4ngig des Kurses) vor Kursbeginn kostenlos m\u00f6glich. Bei einer sp\u00e4teren Abmeldung ist die Kursgeb\u00fchr zu 50% zu entrichten. Bei Nichterscheinen ohne rechtzeitige Abmeldung ist bei Einzelveranstaltungen die volle Kursgeb\u00fchr f\u00e4llig.&nbsp;<\/p>\n<p style=\"font-size: 14.4px; font-style: normal; font-weight: 400;\"><span style=\"font-weight: 700;\">Retreat und Sonderveranstaltungen&nbsp;<\/span><\/p>\n<p style=\"font-size: 14.4px; font-style: normal; font-weight: 400;\">Der R\u00fccktritt\/die Abmeldung eines Teilnehmers\/einer Teilnehmerin von einem Retreat\/einer Veranstaltung ist bis zur jeweiligen Abmeldefrist 6 Wochen vor Kursbeginn kostenlos m\u00f6glich. Bei einer sp\u00e4teren Abmeldung ist die Kursgeb\u00fchr wie folgt zu entrichten: bis 4 Wochen vor Beginn des Retreat 20%, vom 14. Tag bis zum 8. Tag vor Beginn des Retreat 40% , vom 07. bis zum 1. Tag vor Beginn der Veranstaltung 50% ab dem Tag (des Beginns) 60%.&nbsp;<span style=\"color: var( --e-global-color-text ); font-family: var( --e-global-typography-text-font-family ), Sans-serif;\">Bei Nichterscheinen ohne rechtzeitige Abmeldung ist die volle Geb\u00fchr f\u00e4llig.&nbsp;<\/span><\/p><p style=\"font-size: 14.4px; font-style: normal; font-weight: 400;\"><span style=\"font-weight: 700;\">Allgemein<\/span><span style=\"color: var( --e-global-color-text ); font-family: var( --e-global-typography-text-font-family ), Sans-serif;\"><br><\/span><\/p><p style=\"font-size: 14.4px; font-style: normal; font-weight: 400;\"><span style=\"color: var( --e-global-color-text ); font-family: var( --e-global-typography-text-font-family ), Sans-serif;\">Krankheit, Umzug etc. liegen im Risikobereich des Teilnehmers\/der Teilnehmerin. Kann ein Teilnehmer\/eine Teilnehmerin eine Unterrichtseinheit durch sein eigenes Verschulden nicht wahrnehmen, hat er grunds\u00e4tzlich keinen Anspruch auf eine zus\u00e4tzliche Unterrichtseinheit oder einen Ersatztermin.&nbsp;<\/span><\/p>\n<h2>Online Kurse<\/h2>\n<p>Die Anmeldung zu einem Onlinekurs \u00fcber das Buchungssystem&nbsp; ist verbindlich. Krankheit, Umzug etc. liegen im Risikobereich des Teilnehmers\/der Teilnehmerin. Kann ein Teilnehmer\/eine Teilnehmerin eine Unterrichtseinheit durch sein eigenes Verschulden nicht wahrnehmen, hat er grunds\u00e4tzlich keinen Anspruch auf eine zus\u00e4tzliche Unterrichtseinheit oder einen Ersatztermin.<\/p>\n<h2>Kursausfall<\/h2>\n<p>Bei kurzfristigem Kursausfall werden die Teilnehmer\/innen nach M\u00f6glichkeit von dem\/der Kursleiter\/in verst\u00e4ndigt.<\/p>\n<p>Veranstaltungen k\u00f6nnen aus wichtigem Grund auch kurzfristig vor Veranstaltungsbeginn von der Kursleitung abgesagt oder verschoben werden. Der Kurs wird dann zum n\u00e4chstm\u00f6glichsten Termin nachgeholt. Kann ein Teilnehmer\/eine Teilnehmerin bei verschobenem Kurs nicht am Ersatztermin teilnehmen, werden bereits bezahlte Geb\u00fchren zur\u00fcckerstattet oder mit Einverst\u00e4ndnis des Teilnehmers\/der Teilnehmerin f\u00fcr einen anderen Kurs gutgeschrieben. Ein Anspruch auf einen Ersatztermin besteht nicht.&nbsp;<\/p>\n<h2>Mindestteilnehmerzahl<\/h2>\n<p>F\u00fcr jeden Kurs gibt es eine Mindestteilnehmerzahl. Wird die Mindestteilnehmerzahl eines Kurses nicht erreicht, ko\u0308nnen Veranstaltungen abgesagt werden.&nbsp;Der Kurs wird dann zum n\u00e4chstm\u00f6glichsten Termin nachgeholt. Kann ein Teilnehmer\/eine Teilnehmerin bei verschobenem Kurs nicht am Ersatztermin teilnehmen, werden bereits bezahlte Geb\u00fchren zur\u00fcckerstattet oder mit Einverst\u00e4ndnis des Teilnehmers\/der Teilnehmerin f\u00fcr einen anderen Kurs gutgeschrieben.<\/p>\n<h2>Gew\u00e4hrleistung<\/h2>\n<p>Alle Dienstleistungen und Kursinhalte&nbsp; werden mit gr\u00f6\u00dfter Sorgfalt vermittelt. Die zur Verf\u00fcgung gestellten Informationen, Empfehlungen und Analysen erfolgen nach bestem Wissen und Gewissen. Trotz gro\u00dfer Sorgfalt kann kein Gew\u00e4hr f\u00fcr Richtigkeit und Vollst\u00e4ndigkeit dieser Informationen \u00fcbernommen werden.<\/p>\n<p>Der Erfolg der Beratungsleistung liegt zum gro\u00dfen Teil au\u00dferhalb des Einflussbereiches von&nbsp;Yasmina Ebert , Cautiva Mindfulness und h\u00e4ngt wesentlich von der Mitarbeit der zu beratenden Person ab. Somit kann keine Erfolgsgarantie \u00fcbernommen werden.<\/p>\n<h2>Gesundheit allgemein<\/h2>\n<p><span style=\"font-size: 1rem; font-style: inherit; font-weight: var( --e-global-typography-text-font-weight ); color: var( --e-global-color-text ); font-family: var( --e-global-typography-text-font-family ), Sans-serif;\">Entspannungsmethoden ersetzen keine Psychotherapie. Bei Depressionen, Angstst\u00f6rungen, Burnout oder anderen seelisch und auch k\u00f6rperlichen Krankheiten k\u00f6nnen diese Methoden kontraindiziert wirken.&nbsp;<\/span><\/p>\n<p><span style=\"font-style: inherit; font-weight: inherit; color: var( --e-global-color-text ); font-family: var( --e-global-typography-text-font-family ), Sans-serif;\">Die Teilnahme an allen Veranstaltungen erfolgt auf eigene Verantwortung. Voraussetzung zur Teilnahme ist eine allgemeine Gesundheit. Bei speziellen Problemen, wie k\u00f6rperlichen Gebrechen, vorangegangenen Operationen, Schwangerschaft oder psychotherapeutischen Behandlungen, ist der Teilnehmer\/die Teilnehmerin verpflichtet, die Teilnahmeabsicht mit seinem Arzt zu besprechen. Verzichtet er darauf, so tut er dies auf eigene Verantwortung.&nbsp;<\/span><\/p>\n<p><span style=\"font-style: inherit; font-weight: inherit; color: var( --e-global-color-text ); font-family: var( --e-global-typography-text-font-family ), Sans-serif;\">Eine Haftung seitens der Kursleitung f\u00fcr Personen-, Sach- und Verm\u00f6genssch\u00e4den ist ausgeschlossen. Der Teilnehmer\/die Teilnehmerin informiert den Veranstalter, die Kursleitung oder deren Vertretung \u00fcber eventuell bestehende k\u00f6rperliche Gebrechen und gesundheitliche St\u00f6rungen bzw. Einschr\u00e4nkungen, die seine F\u00e4higkeit zur Teilnahme am Unterricht beeintr\u00e4chtigen k\u00f6nnten, auch wenn er diese f\u00fcr geringf\u00fcgig h\u00e4lt.&nbsp;<\/span><br><\/p>\n<p><span style=\"font-style: inherit; font-weight: inherit; color: var( --e-global-color-text ); font-family: var( --e-global-typography-text-font-family ), Sans-serif;\">Eine Teilnehme an Meditations- und Entspannungs\u00fcbungen ist unter Einnehme von Psychopharmaka, beruhigende Medikamenten, Substanzen und Schlafmittel nicht gestattet.<\/span><br><\/p>\n<p>Es werden keine Diagnosen, Therapien, Behandlungen im medizinischen Sinne<br>durchgef\u00fchrt oder sonst Heilkunde im gesetzlichen Sinne ausge\u00fcbt.&nbsp;<\/p>\n<h2>Haftung<\/h2>\n<p>Wir haften nicht f\u00fcr Sch\u00e4den, die durch Unf\u00e4lle am Veranstaltungsort und durch Verlust oder Diebstahl von eingebrachten Sachen, insbesondere Garderobe und Wertgegenst\u00e4nden, entstehen. Bei Verst\u00f6\u00dfen gegen die jeweilige Hausordnung des Kursortes beha\u0308lt sich die Kursleitung den Ausschluss der Teilnehmerin\/des Teilnehmers bzw. rechtliche Schritte vor. Die Kursgeb\u00fchr verf\u00e4llt zu unseren Gunsten. Bei Kursausfall erfolgt ausschlie\u00dflich eine Erstattung der Kursgeb\u00fchr, weitergehende Anspr\u00fcche bestehen nicht.<\/p>\n<p>Dem Teilnehmer, der Teilnehmerin ist bekannt, auf eigene Verantwortung an den Kursen teilzunehmen. Yasmina Ebert \u00fcbernimmt keinerlei Haftung gleich welcher Art, auch nicht f\u00fcr daraus resultierende Folgen. Die Yogaraxis\/K\u00f6rper- sowie Entspannungsarbeit bringt ein erh\u00f6htes Verletzungs- und Beschwerderisiko (physisch wie psychisch) insbesonders bei unsachgem\u00e4\u00dfer Ausf\u00fchrung der K\u00f6rperstellung und Abfolgen. Der&nbsp; Anbieter (Yasmina Ebert) stellt keine Diagnose und \u00fcbernimmt keine Haftung.<\/p>\n<p>Die vom Anbieter angebotenen Leistungen stellen keine Heilversprechungen dar. Auch gibt der Anbieter keine Garantien oder Zusagen hinsichtlich der Leistungen erzielbaren Erfolge oder der Art und Weise der Durchf\u00fchrung der Leistungen.<\/p>\n<p>Die Webseite enth\u00e4lt Links und Verweise auf Seiten Dritter. Diese werden nicht vom Anbieter betrieben. Auch hat der Anbieter keinen Einfluss auf die Inhalte, welche auf diesen Seiten dargestellt werden. Wir \u00fcbernehmen keine Haftung f\u00fcr die Inhalte dieser Webseiten, noch macht der Anbieter sich diese Inhalte zu eigen. Der Anbieter kontrolliert die Inhalte auf diesen Seiten nicht. Es sind dem Anbieter keine Verst\u00f6\u00dfe gegen geltendes Recht auf diesen Seiten bekannt.<\/p>\n<p>Ebenso wird die Haftung fu\u0308r jegliche Art von Scha\u0308den, einschlie\u00dflich Folgescha\u0308den, die sich aus dem Gebrauch der auf der Website des Auftragnehmers vero\u0308ffentlichten Informationen ergeben, ausgeschlossen.<\/p>\n<p>Der Teilnehmer die Teilnehmerin hat sich eigenverantwortlich gegen Unfa\u0308lle und Verletzungen, die im Rahmen des Kurses auftreten ko\u0308nnen, zu versichern. Gleiches gilt fu\u0308r den direkten Weg von und zum Trainingsort.<\/p>\n<h2>Pflichten<\/h2>\n<p>Der Kunde ist verpflichtet, sich selbst, ggf. unter Hinzuziehung eines Arztes vorher dar\u00fcber zu informieren, ob f\u00fcr ihn die Ausf\u00fchrungen des Trainings mit gesundheitlichen Risiken oder Sch\u00e4den verbunden sein kann. \u00dcber Unwohlsein, Schmerzen oder andere akute Situationen, welche dazu f\u00fchren k\u00f6nnten, dass eine ordnungsgem\u00e4\u00dfe Durchf\u00fchrung des Trainings beeintr\u00e4chtigt oder unm\u00f6glich wird, hat der Kunde uns direkt und ohne Aufforderung zu informieren.<\/p>\n<p>Der Kunde ist verpflichtet, uns unmittelbar \u00fcber Hinderungsgr\u00fcnde zu informieren, welche dazu f\u00fchren k\u00f6nnten, dass eine Einheit nicht wie geplant durchgef\u00fchrt werden kann. Wir behalten uns vor, den Kunden f\u00fcr die Folgen einer schuldhaften Verz\u00f6gerung der Mitteilung in Anspruch zu nehmen.<\/p>\n<p>Der Kunde verpflichtet sich, auf die Nutzung illegaler Substanzen w\u00e4hrend unserer Kurse und Trainings oder in unseren R\u00e4umlichkeiten und auf das Anbieten, Bewerben oder anderweitige Darbieten illegaler Substanzen zu verzichten. Ein Versto\u00df hiergegen berechtigt uns zur au\u00dferordentlichen K\u00fcndigung und zur Erteilung von Hausverbot. Etwaige bereits geleistete Zahlungen werden in einem solchen Fall nicht zur\u00fcckerstattet.<\/p>\n<p>F\u00fcr die Vollst\u00e4ndigkeit und Richtigkeit s\u00e4mtlicher vom Kunden angegebenen Daten ist ausschlie\u00dflich der Kunde selbst verantwortlich. Der Kunde verpflichtet sich, uns \u00c4nderungen von Namens-, Adress- und Kontodaten unverz\u00fcglich mitzuteilen.<\/p>\n<p>Wir sind berechtigt, Anfragen zu Buchungen unbearbeitet zu lassen, wenn sich die vom Kunde angegebenen Daten als falsch, unwahr oder unzureichend herausstellen.<\/p>\n<h2>Datenschutz<\/h2>\n<p>Personenbezogene Daten werden zur internen Bearbeitung elektronisch gespeichert. Der Nutzer erkl\u00e4rt, in diesem Umfang mit der Bearbeitung und Nutzung seiner Daten einverstanden zu sein.<\/p>\n<h2>Salvatorische Klausel<\/h2>\n<p>Sind einzelne Bestandteile der Gesch\u00e4ftsbedingungen unwirksam, wird die G\u00fcltigkeit der \u00fcbrigen hierdurch nicht ber\u00fchrt. Die Parteien erkennen f\u00fcr diesen Fall diejenige g\u00fcltige Regelung an, die dem der Regelungsintention des unwirksamen Bestandteils inhaltlich am n\u00e4chsten kommt.<\/p>\n<p><\/p>\n<\/div>\n<\/div>\n<\/div>\n<\/div>\n<\/div>\n<\/div>\n<\/div>\n<\/section>\n<section data-id=\"2577e22\" data-element_type=\"section\">\n<div>\n<div>\n<div data-id=\"c396401\" data-element_type=\"column\">\n<div>\n<div>\n<div data-id=\"2c9955b\" data-element_type=\"widget\" data-widget_type=\"text-editor.default\">\n<div>\n<div>&nbsp;<\/div>\n<\/div>\n<\/div>\n<\/div>\n<\/div>\n<\/div>\n<\/div>\n<\/div>\n<\/section>\t\t\t\t\t\t<\/div>\n\t\t\t\t<\/div>\n\t\t\t\t\t<\/div>\n\t\t<\/div>\n\t\t\t\t\t\t\t<\/div>\n\t\t<\/section>\n\t\t\t\t\t\t\t<\/div>\n\t\t","protected":false},"excerpt":{"rendered":"<p>Allgemeine Gesch\u00e4ftsbedingungen Kurse, Veranstaltungen &amp; Buchungstool Geltungsumfang Diese allgemeinen Gesch\u00e4ftsbedingungen (AGB) gelten f\u00fcr das Rechtsverh\u00e4ltnis zwischen uns, Yasmina Ebert Cautiva Mindfulness (im Folgenden auch \u201eder Anbieter\u201c), und den Kunden, welche die \u00fcber unseren Webauftritt\u00a0https:\/\/widget.fitogram.pro\/cautiva in der App \u201eFitogram\u201c, vor Ort, online oder anderweitig angebotenen Leistungen in Anspruch nehmen. Diese AGB k\u00f6nnen auf Wunsch des Kunden [&hellip;]<\/p>\n","protected":false},"author":1,"featured_media":0,"parent":0,"menu_order":0,"comment_status":"closed","ping_status":"closed","template":"","meta":{"footnotes":""},"class_list":["post-2375","page","type-page","status-publish","hentry"],"yoast_head":"<!-- This site is optimized with the Yoast SEO plugin v19.8 - https:\/\/yoast.com\/wordpress\/plugins\/seo\/ -->\n<title>AGB -<\/title>\n<meta name=\"robots\" content=\"index, follow, max-snippet:-1, max-image-preview:large, max-video-preview:-1\" \/>\n<link rel=\"canonical\" href=\"https:\/\/cautiva.de\/?page_id=2375\" \/>\n<meta property=\"og:locale\" content=\"de_DE\" \/>\n<meta property=\"og:type\" content=\"article\" \/>\n<meta property=\"og:title\" content=\"AGB -\" \/>\n<meta property=\"og:description\" content=\"Allgemeine Gesch\u00e4ftsbedingungen Kurse, Veranstaltungen &amp; Buchungstool Geltungsumfang Diese allgemeinen Gesch\u00e4ftsbedingungen (AGB) gelten f\u00fcr das Rechtsverh\u00e4ltnis zwischen uns, Yasmina Ebert Cautiva Mindfulness (im Folgenden auch \u201eder Anbieter\u201c), und den Kunden, welche die \u00fcber unseren Webauftritt\u00a0https:\/\/widget.fitogram.pro\/cautiva in der App \u201eFitogram\u201c, vor Ort, online oder anderweitig angebotenen Leistungen in Anspruch nehmen. Diese AGB k\u00f6nnen auf Wunsch des Kunden [&hellip;]\" \/>\n<meta property=\"og:url\" content=\"https:\/\/cautiva.de\/?page_id=2375\" \/>\n<meta property=\"article:modified_time\" content=\"2022-10-13T19:33:25+00:00\" \/>\n<meta name=\"twitter:card\" content=\"summary_large_image\" \/>\n<meta name=\"twitter:label1\" content=\"Gesch\u00e4tzte Lesezeit\" \/>\n\t<meta name=\"twitter:data1\" content=\"10\u00a0Minuten\" \/>\n<script type=\"application\/ld+json\" class=\"yoast-schema-graph\">{\"@context\":\"https:\/\/schema.org\",\"@graph\":[{\"@type\":\"WebPage\",\"@id\":\"https:\/\/cautiva.de\/?page_id=2375\",\"url\":\"https:\/\/cautiva.de\/?page_id=2375\",\"name\":\"AGB -\",\"isPartOf\":{\"@id\":\"https:\/\/cautiva.de\/#website\"},\"datePublished\":\"2021-12-13T11:55:29+00:00\",\"dateModified\":\"2022-10-13T19:33:25+00:00\",\"breadcrumb\":{\"@id\":\"https:\/\/cautiva.de\/?page_id=2375#breadcrumb\"},\"inLanguage\":\"de\",\"potentialAction\":[{\"@type\":\"ReadAction\",\"target\":[\"https:\/\/cautiva.de\/?page_id=2375\"]}]},{\"@type\":\"BreadcrumbList\",\"@id\":\"https:\/\/cautiva.de\/?page_id=2375#breadcrumb\",\"itemListElement\":[{\"@type\":\"ListItem\",\"position\":1,\"name\":\"Startseite\",\"item\":\"https:\/\/cautiva.de\/\"},{\"@type\":\"ListItem\",\"position\":2,\"name\":\"AGB\"}]},{\"@type\":\"WebSite\",\"@id\":\"https:\/\/cautiva.de\/#website\",\"url\":\"https:\/\/cautiva.de\/\",\"name\":\"\",\"description\":\"Entspannung - Achtsamkeit - Gesundheit\",\"publisher\":{\"@id\":\"https:\/\/cautiva.de\/#organization\"},\"potentialAction\":[{\"@type\":\"SearchAction\",\"target\":{\"@type\":\"EntryPoint\",\"urlTemplate\":\"https:\/\/cautiva.de\/?s={search_term_string}\"},\"query-input\":\"required name=search_term_string\"}],\"inLanguage\":\"de\"},{\"@type\":\"Organization\",\"@id\":\"https:\/\/cautiva.de\/#organization\",\"name\":\"Cautiva Mindfulness\",\"url\":\"https:\/\/cautiva.de\/\",\"sameAs\":[\"https:\/\/www.instagram.com\/cautiva.de\/\"],\"logo\":{\"@type\":\"ImageObject\",\"inLanguage\":\"de\",\"@id\":\"https:\/\/cautiva.de\/#\/schema\/logo\/image\/\",\"url\":\"https:\/\/cautiva.de\/wp-content\/uploads\/2021\/05\/87B2EE39-F92D-4401-A588-9583AD9A5A8F.png\",\"contentUrl\":\"https:\/\/cautiva.de\/wp-content\/uploads\/2021\/05\/87B2EE39-F92D-4401-A588-9583AD9A5A8F.png\",\"width\":500,\"height\":500,\"caption\":\"Cautiva Mindfulness\"},\"image\":{\"@id\":\"https:\/\/cautiva.de\/#\/schema\/logo\/image\/\"}}]}<\/script>\n<!-- \/ Yoast SEO plugin. -->","yoast_head_json":{"title":"AGB -","robots":{"index":"index","follow":"follow","max-snippet":"max-snippet:-1","max-image-preview":"max-image-preview:large","max-video-preview":"max-video-preview:-1"},"canonical":"https:\/\/cautiva.de\/?page_id=2375","og_locale":"de_DE","og_type":"article","og_title":"AGB -","og_description":"Allgemeine Gesch\u00e4ftsbedingungen Kurse, Veranstaltungen &amp; Buchungstool Geltungsumfang Diese allgemeinen Gesch\u00e4ftsbedingungen (AGB) gelten f\u00fcr das Rechtsverh\u00e4ltnis zwischen uns, Yasmina Ebert Cautiva Mindfulness (im Folgenden auch \u201eder Anbieter\u201c), und den Kunden, welche die \u00fcber unseren Webauftritt\u00a0https:\/\/widget.fitogram.pro\/cautiva in der App \u201eFitogram\u201c, vor Ort, online oder anderweitig angebotenen Leistungen in Anspruch nehmen. Diese AGB k\u00f6nnen auf Wunsch des Kunden [&hellip;]","og_url":"https:\/\/cautiva.de\/?page_id=2375","article_modified_time":"2022-10-13T19:33:25+00:00","twitter_card":"summary_large_image","twitter_misc":{"Gesch\u00e4tzte Lesezeit":"10\u00a0Minuten"},"schema":{"@context":"https:\/\/schema.org","@graph":[{"@type":"WebPage","@id":"https:\/\/cautiva.de\/?page_id=2375","url":"https:\/\/cautiva.de\/?page_id=2375","name":"AGB -","isPartOf":{"@id":"https:\/\/cautiva.de\/#website"},"datePublished":"2021-12-13T11:55:29+00:00","dateModified":"2022-10-13T19:33:25+00:00","breadcrumb":{"@id":"https:\/\/cautiva.de\/?page_id=2375#breadcrumb"},"inLanguage":"de","potentialAction":[{"@type":"ReadAction","target":["https:\/\/cautiva.de\/?page_id=2375"]}]},{"@type":"BreadcrumbList","@id":"https:\/\/cautiva.de\/?page_id=2375#breadcrumb","itemListElement":[{"@type":"ListItem","position":1,"name":"Startseite","item":"https:\/\/cautiva.de\/"},{"@type":"ListItem","position":2,"name":"AGB"}]},{"@type":"WebSite","@id":"https:\/\/cautiva.de\/#website","url":"https:\/\/cautiva.de\/","name":"","description":"Entspannung - Achtsamkeit - Gesundheit","publisher":{"@id":"https:\/\/cautiva.de\/#organization"},"potentialAction":[{"@type":"SearchAction","target":{"@type":"EntryPoint","urlTemplate":"https:\/\/cautiva.de\/?s={search_term_string}"},"query-input":"required name=search_term_string"}],"inLanguage":"de"},{"@type":"Organization","@id":"https:\/\/cautiva.de\/#organization","name":"Cautiva Mindfulness","url":"https:\/\/cautiva.de\/","sameAs":["https:\/\/www.instagram.com\/cautiva.de\/"],"logo":{"@type":"ImageObject","inLanguage":"de","@id":"https:\/\/cautiva.de\/#\/schema\/logo\/image\/","url":"https:\/\/cautiva.de\/wp-content\/uploads\/2021\/05\/87B2EE39-F92D-4401-A588-9583AD9A5A8F.png","contentUrl":"https:\/\/cautiva.de\/wp-content\/uploads\/2021\/05\/87B2EE39-F92D-4401-A588-9583AD9A5A8F.png","width":500,"height":500,"caption":"Cautiva Mindfulness"},"image":{"@id":"https:\/\/cautiva.de\/#\/schema\/logo\/image\/"}}]}},"_links":{"self":[{"href":"https:\/\/cautiva.de\/index.php?rest_route=\/wp\/v2\/pages\/2375","targetHints":{"allow":["GET"]}}],"collection":[{"href":"https:\/\/cautiva.de\/index.php?rest_route=\/wp\/v2\/pages"}],"about":[{"href":"https:\/\/cautiva.de\/index.php?rest_route=\/wp\/v2\/types\/page"}],"author":[{"embeddable":true,"href":"https:\/\/cautiva.de\/index.php?rest_route=\/wp\/v2\/users\/1"}],"replies":[{"embeddable":true,"href":"https:\/\/cautiva.de\/index.php?rest_route=%2Fwp%2Fv2%2Fcomments&post=2375"}],"version-history":[{"count":35,"href":"https:\/\/cautiva.de\/index.php?rest_route=\/wp\/v2\/pages\/2375\/revisions"}],"predecessor-version":[{"id":3024,"href":"https:\/\/cautiva.de\/index.php?rest_route=\/wp\/v2\/pages\/2375\/revisions\/3024"}],"wp:attachment":[{"href":"https:\/\/cautiva.de\/index.php?rest_route=%2Fwp%2Fv2%2Fmedia&parent=2375"}],"curies":[{"name":"wp","href":"https:\/\/api.w.org\/{rel}","templated":true}]}}