{"id":151,"date":"2018-08-14T09:32:05","date_gmt":"2018-08-14T09:32:05","guid":{"rendered":"https:\/\/demo.themegrill.com\/zakra-cafe\/?page_id=151"},"modified":"2021-06-30T21:01:28","modified_gmt":"2021-06-30T21:01:28","slug":"contact","status":"publish","type":"page","link":"https:\/\/cautiva.de\/?page_id=151","title":{"rendered":"Kontakt"},"content":{"rendered":"\t\t<div data-elementor-type=\"wp-post\" data-elementor-id=\"151\" class=\"elementor elementor-151\">\n\t\t\t\t\t\t\t\t\t<section class=\"elementor-section elementor-top-section elementor-element elementor-element-19b4ed6 elementor-section-boxed elementor-section-height-default elementor-section-height-default\" data-id=\"19b4ed6\" data-element_type=\"section\">\n\t\t\t\t\t\t<div class=\"elementor-container elementor-column-gap-default\">\n\t\t\t\t\t<div class=\"elementor-column elementor-col-100 elementor-top-column elementor-element elementor-element-d99e559\" data-id=\"d99e559\" data-element_type=\"column\">\n\t\t\t<div class=\"elementor-widget-wrap elementor-element-populated\">\n\t\t\t\t\t\t\t\t<div class=\"elementor-element elementor-element-37217fd elementor-widget elementor-widget-heading\" data-id=\"37217fd\" data-element_type=\"widget\" data-widget_type=\"heading.default\">\n\t\t\t\t<div class=\"elementor-widget-container\">\n\t\t\t<h2 class=\"elementor-heading-title elementor-size-default\">Kontakt<\/h2>\t\t<\/div>\n\t\t\t\t<\/div>\n\t\t\t\t<div class=\"elementor-element elementor-element-8228cdc elementor-widget elementor-widget-text-editor\" data-id=\"8228cdc\" data-element_type=\"widget\" data-widget_type=\"text-editor.default\">\n\t\t\t\t<div class=\"elementor-widget-container\">\n\t\t\t\t\t\t\t<p>Hinterlasse mir deine Kontaktdaten. Ich melde mich schnellstm\u00f6glich bei dir!<\/p><p>Telefon: 0157 74001202<\/p><p>Email: <a href=\"mailto:info@cautiva.de\">info@cautiva.de<\/a><\/p>\t\t\t\t\t\t<\/div>\n\t\t\t\t<\/div>\n\t\t\t\t<div class=\"elementor-element elementor-element-f6364ea elementor-widget elementor-widget-html\" data-id=\"f6364ea\" data-element_type=\"widget\" data-widget_type=\"html.default\">\n\t\t\t\t<div class=\"elementor-widget-container\">\n\t\t\t<div class=\"everest-forms\"><div class=\"evf-container default\" id=\"evf-30\"><form id=\"evf-form-30\" class=\"everest-form\" data-formid=\"30\" data-ajax_submission=\"0\" data-keyboard_friendly_form=\"0\" method=\"post\" enctype=\"multipart\/form-data\" action=\"\/index.php?rest_route=%2Fwp%2Fv2%2Fpages%2F151\"><div class=\"evf-field-container\"><input type=\"hidden\" id=\"_wpnonce30\" name=\"_wpnonce30\" value=\"f0dff2b18c\" \/><input type=\"hidden\" name=\"_wp_http_referer\" value=\"\/index.php?rest_route=%2Fwp%2Fv2%2Fpages%2F151\" \/><div class=\"evf-frontend-row\" data-row=\"row_2\" conditional_rules=\"[]\"><div class=\"evf-frontend-grid evf-grid-1\" data-grid=\"grid_1\"><\/div><\/div><div class=\"evf-frontend-row\" data-row=\"row_1\" conditional_rules=\"[]\"><div class=\"evf-frontend-grid evf-grid-1\" data-grid=\"grid_1\"><div id=\"evf-30-field_fullname-container\" class=\"evf-field evf-field-text form-row validate-required\" data-required-field-message=\"This field is required.\" data-field-id=\"fullname\"><label class=\"evf-field-label\" for=\"evf-30-field_fullname\"><span class=\"evf-label\">Vor- und Nachname<\/span> <abbr class=\"required\" title=\"Required\">*<\/abbr><\/label><input type=\"text\" id=\"evf-30-field_fullname\" class=\"input-text\" name=\"everest_forms[form_fields][fullname]\" required><\/div><div id=\"evf-30-field_email-container\" class=\"evf-field evf-field-email form-row validate-required validate-email\" data-required-field-message=\"Please enter a valid email address.\" data-field-id=\"email\"><label class=\"evf-field-label\" for=\"evf-30-field_email\"><span class=\"evf-label\">Email<\/span> <abbr class=\"required\" title=\"Required\">*<\/abbr><\/label><input type=\"email\" id=\"evf-30-field_email\" class=\"input-text\" name=\"everest_forms[form_fields][email]\" required ><\/div><div id=\"evf-30-field_m3oEzTHl09-4-container\" class=\"evf-field evf-field-first-name form-row\" data-field-id=\"m3oEzTHl09-4\"><label class=\"evf-field-label\" for=\"evf-30-field_m3oEzTHl09-4\"><span class=\"evf-label\">Telefon <\/span> <\/label><input type=\"text\" id=\"evf-30-field_m3oEzTHl09-4\" class=\"input-text\" name=\"everest_forms[form_fields][m3oEzTHl09-4]\" ><\/div><div id=\"evf-30-field_QlmXvmwnsL-8-container\" class=\"evf-field evf-field-text form-row\" data-field-id=\"QlmXvmwnsL-8\"><label class=\"evf-field-label\" for=\"evf-30-field_QlmXvmwnsL-8\"><span class=\"evf-label\">Betreff<\/span> <\/label><input type=\"text\" id=\"evf-30-field_QlmXvmwnsL-8\" class=\"input-text\" name=\"everest_forms[form_fields][QlmXvmwnsL-8]\" ><\/div><div id=\"evf-30-field_ngnKFcKxSM-9-container\" class=\"evf-field evf-field-text form-row\" data-field-id=\"ngnKFcKxSM-9\"><label class=\"evf-field-label\" for=\"evf-30-field_ngnKFcKxSM-9\"><span class=\"evf-label\">Nachricht<\/span> <\/label><input type=\"text\" id=\"evf-30-field_ngnKFcKxSM-9\" class=\"input-text\" name=\"everest_forms[form_fields][ngnKFcKxSM-9]\" ><\/div><div id=\"evf-30-field_UrJCA0RjBJ-3-container\" class=\"evf-field evf-field-checkbox form-row validate-required\" data-required-field-message=\"This field is required.\" data-field-id=\"UrJCA0RjBJ-3\"><label class=\"evf-field-label\" for=\"evf-30-field_UrJCA0RjBJ-3\"><span class=\"evf-label\">Checkboxes<\/span> <abbr class=\"required\" title=\"Required\">*<\/abbr><\/label><ul id=\"evf-30-field_UrJCA0RjBJ-3\" class=\" evf-field-required\"><li class=\"choice-3 depth-1\"><input type=\"checkbox\" id=\"evf-30-field_UrJCA0RjBJ-3_3\" class=\"input-text\" name=\"everest_forms[form_fields][UrJCA0RjBJ-3][]\" value=\"Ich m\u00f6chte \u00fcber Termine  und aktuelle Kurse informiert werden und bin damit einverstanden, dass die angegebenen Daten f\u00fcr Einladungen zu Kursen, Workshops und Retreats gespeichert und verarbeitet werden. \u200bDie Daten werden von uns nur solange gespeichert, wie es f\u00fcr die Bearbeitung Ihrer Anfrage sowie f\u00fcr die Kontaktaufnahme und die Kommunikationsbeziehung erforderlich ist. Diese Einwilligung kann jederzeit mit einer E-Mail an info@cautiva.de widerrufen werden.\" required ><label class=\"everest-forms-field-label-inline\" for=\"evf-30-field_UrJCA0RjBJ-3_3\">Ich m\u00f6chte \u00fcber Termine  und aktuelle Kurse informiert werden und bin damit einverstanden, dass die angegebenen Daten f\u00fcr Einladungen zu Kursen, Workshops und Retreats gespeichert und verarbeitet werden. \u200bDie Daten werden von uns nur solange gespeichert, wie es f\u00fcr die Bearbeitung Ihrer Anfrage sowie f\u00fcr die Kontaktaufnahme und die Kommunikationsbeziehung erforderlich ist. Diese Einwilligung kann jederzeit mit einer E-Mail an info@cautiva.de widerrufen werden.<\/label><\/li><\/ul><\/div><\/div><\/div><\/div><div class=\"evf-honeypot-container evf-field-hp\"><label for=\"evf-30-field-hp\" class=\"evf-field-label\">Message<\/label><input type=\"text\" name=\"everest_forms[hp]\" id=\"evf-30-field-hp\" class=\"input-text\"><\/div><div class=\"evf-submit-container \" ><input type=\"hidden\" name=\"everest_forms[id]\" value=\"30\"><input type=\"hidden\" name=\"everest_forms[author]\" value=\"1\"><button type='submit' name='everest_forms[submit]' class='everest-forms-submit-button button evf-submit ' id='evf-submit-30' value='evf-submit' data-process-text=\"Wird gesendet...\" conditional_rules='&quot;&quot;' conditional_id='evf-submit-30'  id=\"evf-submit-30\" aria-live=\"assertive\">Senden<\/button><\/div><\/form><\/div><!-- .evf-container --><\/div>\t\t<\/div>\n\t\t\t\t<\/div>\n\t\t\t\t\t<\/div>\n\t\t<\/div>\n\t\t\t\t\t\t\t<\/div>\n\t\t<\/section>\n\t\t\t\t\t\t\t<\/div>\n\t\t","protected":false},"excerpt":{"rendered":"<p>Kontakt Hinterlasse mir deine Kontaktdaten. Ich melde mich schnellstm\u00f6glich bei dir! Telefon: 0157 74001202 Email: info@cautiva.de<\/p>\n","protected":false},"author":1,"featured_media":0,"parent":0,"menu_order":0,"comment_status":"closed","ping_status":"closed","template":"elementor_header_footer","meta":{"footnotes":""},"class_list":["post-151","page","type-page","status-publish","hentry"],"yoast_head":"<!-- This site is optimized with the Yoast SEO plugin v19.8 - https:\/\/yoast.com\/wordpress\/plugins\/seo\/ -->\n<title>Kontakt -<\/title>\n<meta name=\"robots\" content=\"index, follow, max-snippet:-1, max-image-preview:large, max-video-preview:-1\" \/>\n<link rel=\"canonical\" href=\"https:\/\/cautiva.de\/?page_id=151\" \/>\n<meta property=\"og:locale\" content=\"de_DE\" \/>\n<meta property=\"og:type\" content=\"article\" \/>\n<meta property=\"og:title\" content=\"Kontakt -\" \/>\n<meta property=\"og:description\" content=\"Kontakt Hinterlasse mir deine Kontaktdaten. Ich melde mich schnellstm\u00f6glich bei dir! Telefon: 0157 74001202 Email: info@cautiva.de\" \/>\n<meta property=\"og:url\" content=\"https:\/\/cautiva.de\/?page_id=151\" \/>\n<meta property=\"article:modified_time\" content=\"2021-06-30T21:01:28+00:00\" \/>\n<meta name=\"twitter:card\" content=\"summary_large_image\" \/>\n<script type=\"application\/ld+json\" class=\"yoast-schema-graph\">{\"@context\":\"https:\/\/schema.org\",\"@graph\":[{\"@type\":\"WebPage\",\"@id\":\"https:\/\/cautiva.de\/?page_id=151\",\"url\":\"https:\/\/cautiva.de\/?page_id=151\",\"name\":\"Kontakt -\",\"isPartOf\":{\"@id\":\"https:\/\/cautiva.de\/#website\"},\"datePublished\":\"2018-08-14T09:32:05+00:00\",\"dateModified\":\"2021-06-30T21:01:28+00:00\",\"breadcrumb\":{\"@id\":\"https:\/\/cautiva.de\/?page_id=151#breadcrumb\"},\"inLanguage\":\"de\",\"potentialAction\":[{\"@type\":\"ReadAction\",\"target\":[\"https:\/\/cautiva.de\/?page_id=151\"]}]},{\"@type\":\"BreadcrumbList\",\"@id\":\"https:\/\/cautiva.de\/?page_id=151#breadcrumb\",\"itemListElement\":[{\"@type\":\"ListItem\",\"position\":1,\"name\":\"Startseite\",\"item\":\"https:\/\/cautiva.de\/\"},{\"@type\":\"ListItem\",\"position\":2,\"name\":\"Kontakt\"}]},{\"@type\":\"WebSite\",\"@id\":\"https:\/\/cautiva.de\/#website\",\"url\":\"https:\/\/cautiva.de\/\",\"name\":\"\",\"description\":\"Entspannung - Achtsamkeit - Gesundheit\",\"publisher\":{\"@id\":\"https:\/\/cautiva.de\/#organization\"},\"potentialAction\":[{\"@type\":\"SearchAction\",\"target\":{\"@type\":\"EntryPoint\",\"urlTemplate\":\"https:\/\/cautiva.de\/?s={search_term_string}\"},\"query-input\":\"required name=search_term_string\"}],\"inLanguage\":\"de\"},{\"@type\":\"Organization\",\"@id\":\"https:\/\/cautiva.de\/#organization\",\"name\":\"Cautiva Mindfulness\",\"url\":\"https:\/\/cautiva.de\/\",\"sameAs\":[\"https:\/\/www.instagram.com\/cautiva.de\/\"],\"logo\":{\"@type\":\"ImageObject\",\"inLanguage\":\"de\",\"@id\":\"https:\/\/cautiva.de\/#\/schema\/logo\/image\/\",\"url\":\"https:\/\/cautiva.de\/wp-content\/uploads\/2021\/05\/87B2EE39-F92D-4401-A588-9583AD9A5A8F.png\",\"contentUrl\":\"https:\/\/cautiva.de\/wp-content\/uploads\/2021\/05\/87B2EE39-F92D-4401-A588-9583AD9A5A8F.png\",\"width\":500,\"height\":500,\"caption\":\"Cautiva Mindfulness\"},\"image\":{\"@id\":\"https:\/\/cautiva.de\/#\/schema\/logo\/image\/\"}}]}<\/script>\n<!-- \/ Yoast SEO plugin. -->","yoast_head_json":{"title":"Kontakt -","robots":{"index":"index","follow":"follow","max-snippet":"max-snippet:-1","max-image-preview":"max-image-preview:large","max-video-preview":"max-video-preview:-1"},"canonical":"https:\/\/cautiva.de\/?page_id=151","og_locale":"de_DE","og_type":"article","og_title":"Kontakt -","og_description":"Kontakt Hinterlasse mir deine Kontaktdaten. Ich melde mich schnellstm\u00f6glich bei dir! Telefon: 0157 74001202 Email: info@cautiva.de","og_url":"https:\/\/cautiva.de\/?page_id=151","article_modified_time":"2021-06-30T21:01:28+00:00","twitter_card":"summary_large_image","schema":{"@context":"https:\/\/schema.org","@graph":[{"@type":"WebPage","@id":"https:\/\/cautiva.de\/?page_id=151","url":"https:\/\/cautiva.de\/?page_id=151","name":"Kontakt -","isPartOf":{"@id":"https:\/\/cautiva.de\/#website"},"datePublished":"2018-08-14T09:32:05+00:00","dateModified":"2021-06-30T21:01:28+00:00","breadcrumb":{"@id":"https:\/\/cautiva.de\/?page_id=151#breadcrumb"},"inLanguage":"de","potentialAction":[{"@type":"ReadAction","target":["https:\/\/cautiva.de\/?page_id=151"]}]},{"@type":"BreadcrumbList","@id":"https:\/\/cautiva.de\/?page_id=151#breadcrumb","itemListElement":[{"@type":"ListItem","position":1,"name":"Startseite","item":"https:\/\/cautiva.de\/"},{"@type":"ListItem","position":2,"name":"Kontakt"}]},{"@type":"WebSite","@id":"https:\/\/cautiva.de\/#website","url":"https:\/\/cautiva.de\/","name":"","description":"Entspannung - Achtsamkeit - Gesundheit","publisher":{"@id":"https:\/\/cautiva.de\/#organization"},"potentialAction":[{"@type":"SearchAction","target":{"@type":"EntryPoint","urlTemplate":"https:\/\/cautiva.de\/?s={search_term_string}"},"query-input":"required name=search_term_string"}],"inLanguage":"de"},{"@type":"Organization","@id":"https:\/\/cautiva.de\/#organization","name":"Cautiva Mindfulness","url":"https:\/\/cautiva.de\/","sameAs":["https:\/\/www.instagram.com\/cautiva.de\/"],"logo":{"@type":"ImageObject","inLanguage":"de","@id":"https:\/\/cautiva.de\/#\/schema\/logo\/image\/","url":"https:\/\/cautiva.de\/wp-content\/uploads\/2021\/05\/87B2EE39-F92D-4401-A588-9583AD9A5A8F.png","contentUrl":"https:\/\/cautiva.de\/wp-content\/uploads\/2021\/05\/87B2EE39-F92D-4401-A588-9583AD9A5A8F.png","width":500,"height":500,"caption":"Cautiva Mindfulness"},"image":{"@id":"https:\/\/cautiva.de\/#\/schema\/logo\/image\/"}}]}},"_links":{"self":[{"href":"https:\/\/cautiva.de\/index.php?rest_route=\/wp\/v2\/pages\/151","targetHints":{"allow":["GET"]}}],"collection":[{"href":"https:\/\/cautiva.de\/index.php?rest_route=\/wp\/v2\/pages"}],"about":[{"href":"https:\/\/cautiva.de\/index.php?rest_route=\/wp\/v2\/types\/page"}],"author":[{"embeddable":true,"href":"https:\/\/cautiva.de\/index.php?rest_route=\/wp\/v2\/users\/1"}],"replies":[{"embeddable":true,"href":"https:\/\/cautiva.de\/index.php?rest_route=%2Fwp%2Fv2%2Fcomments&post=151"}],"version-history":[{"count":54,"href":"https:\/\/cautiva.de\/index.php?rest_route=\/wp\/v2\/pages\/151\/revisions"}],"predecessor-version":[{"id":2008,"href":"https:\/\/cautiva.de\/index.php?rest_route=\/wp\/v2\/pages\/151\/revisions\/2008"}],"wp:attachment":[{"href":"https:\/\/cautiva.de\/index.php?rest_route=%2Fwp%2Fv2%2Fmedia&parent=151"}],"curies":[{"name":"wp","href":"https:\/\/api.w.org\/{rel}","templated":true}]}}