{"id":1171,"date":"2021-04-23T18:17:32","date_gmt":"2021-04-23T18:17:32","guid":{"rendered":"https:\/\/cautiva.de\/?page_id=1171"},"modified":"2021-06-30T10:58:36","modified_gmt":"2021-06-30T10:58:36","slug":"impressum","status":"publish","type":"page","link":"https:\/\/cautiva.de\/?page_id=1171","title":{"rendered":"Impressum"},"content":{"rendered":"\t\t<div data-elementor-type=\"wp-page\" data-elementor-id=\"1171\" class=\"elementor elementor-1171\">\n\t\t\t\t\t\t\t\t\t<section class=\"elementor-section elementor-top-section elementor-element elementor-element-d92f50f elementor-section-boxed elementor-section-height-default elementor-section-height-default\" data-id=\"d92f50f\" data-element_type=\"section\">\n\t\t\t\t\t\t<div class=\"elementor-container elementor-column-gap-default\">\n\t\t\t\t\t<div class=\"elementor-column elementor-col-100 elementor-top-column elementor-element elementor-element-30bbecb\" data-id=\"30bbecb\" data-element_type=\"column\">\n\t\t\t<div class=\"elementor-widget-wrap elementor-element-populated\">\n\t\t\t\t\t\t\t\t<div class=\"elementor-element elementor-element-178747f elementor-widget elementor-widget-text-editor\" data-id=\"178747f\" data-element_type=\"widget\" data-widget_type=\"text-editor.default\">\n\t\t\t\t<div class=\"elementor-widget-container\">\n\t\t\t\t\t\t\t<div class=\"page\" data-page-number=\"2\" data-loaded=\"true\"><div class=\"textLayer\">ImpressumAngaben gem\u00e4\u00df<\/div><div class=\"textLayer\">\u00a7 5 TMG<\/div><div class=\"textLayer\">Yasmina Ebert<\/div><div class=\"textLayer\">Postanschrift:Vervisio\u00a0<\/div><div class=\"textLayer\">Obere Bahnhofstrasse 60<\/div><div class=\"textLayer\">82110 Germering<\/div><div>\u00a0<\/div><div class=\"textLayer\">Kontakt<\/div><div class=\"textLayer\">E-Mail: info@cautiva.de<\/div><div class=\"textLayer\">Redaktionell Verantwortlicher<\/div><div class=\"textLayer\">Yasmina Ebert<\/div><div>\u00a0<\/div><div class=\"textLayer\">Haftung f\u00fcr Inhalte Als Diensteanbieter sind wir gem\u00e4\u00df \u00a7 7 Abs.1 TMG f\u00fcr eigene Inhalte auf diesen Seiten nach den allgemeinen Gesetzen verantwortlich. Nach \u00a7\u00a7 8 bis 10 TMG sind wir als Diensteanbieter jedoch nicht verpflichtet, \u00fcbermittelte oder gespeicherte fremde Informationen zu \u00fcberwachen oder nach Umst\u00e4nden zu forschen, die auf eine rechtswidrige T\u00e4tigkeit hinweisen.<\/div><div class=\"textLayer\"><p>Verpflichtungen zur Entfernung oder Sperrung der Nutzung von Informationen nach den allgemeinen Gesetzen bleiben hiervon unber\u00fchrt. Eine diesbez\u00fcgliche Haftung ist jedoch erst ab dem Zeitpunkt der Kenntnis einer konkreten Rechtsverletzung m\u00f6glich. Bei Bekanntwerden von entsprechen den Rechtsverletzungen werden wir diese Inhalte umgehend entfernen. Haftung f\u00fcr Links Unser Angebot enth\u00e4lt Links zu externen Websites Dritter, auf deren Inhalte wir keinen Einfluss haben. Deshalb k\u00f6nnen wir f\u00fcr diese fremden Inhalte auch keine Gew\u00e4hr \u00fcbernehmen. F\u00fcr die Inhalte der verlinkten Seiten ist stets der jeweilige Anbieter oder Betreiber der Seiten verantwortlich. Die verlinkten Seiten wurden zum Zeitpunkt der Verlinkung auf m\u00f6gliche Rechtsverst\u00f6\u00dfe \u00fcberpr\u00fcft. Rechtswidrige Inhalte waren zum Zeitpunkt der Verlinkung nicht erkennbar. Eine permanente inhaltliche Kontrolle der verlinkten Seiten ist jedoch ohne konkrete Anhaltspunkte einer Rechtsverletzung nicht zumutbar. Bei Bekanntwerden von Rechtsverletzungen werden wir derartige Links\u00a0<\/p><div class=\"endOfContent active\">umgehend entfernen. Urheberrecht Die durch die Seitenbetreiber erstellten Inhalte und Werke auf diesen Seiten unterliegen dem deutschen Urheberrecht. Die Vervielf\u00e4ltigung, Bearbeitung, Verbreitung und jede Art der Verwertung au\u00dferhalb der Grenzen des Urheberrechtes bed\u00fcrfen der schriftlichen Zustimmung des jeweiligen Autors bzw. Erstellers. Downloads und Kopien dieser Seite sind nur f\u00fcr den privaten, nicht kommerziellen Gebrauch gestattet. Soweit die Inhalte auf dieser Seite nicht vom Betreiber erstellt wurden, werden die Urheberrechte Dritterbeachtet. Insbesondere werden Inhalte Dritter als solche gekennzeichnet. Sollten Sie trotzdem auf eine Urheberrechtsverletzung aufmerksam werden, bitten wir um einen entsprechenden Hinweis. Bei Bekanntwerden von Rechtsverletzungen werden wir derartige Inhalte umgehend entfernen.Quelle:https:\/\/www.e-recht24.de\/impressum-generator.html\u00a0<\/div><\/div><\/div><div class=\"page\" data-page-number=\"3\" data-loaded=\"true\"><div class=\"textLayer\"><div class=\"endOfContent\">\u00a0<\/div><\/div><div class=\"annotationLayer\">\u00a0<\/div><\/div><div class=\"page\" data-page-number=\"4\" data-loaded=\"true\"><div class=\"canvasWrapper\">\u00a0<\/div><\/div><div class=\"textLayer\">\u00a0<\/div><div>\u00a0<\/div>\t\t\t\t\t\t<\/div>\n\t\t\t\t<\/div>\n\t\t\t\t\t<\/div>\n\t\t<\/div>\n\t\t\t\t\t\t\t<\/div>\n\t\t<\/section>\n\t\t\t\t\t\t\t<\/div>\n\t\t","protected":false},"excerpt":{"rendered":"<p>ImpressumAngaben gem\u00e4\u00df\u00a7 5 TMGYasmina EbertPostanschrift:Vervisio\u00a0Obere Bahnhofstrasse 6082110 Germering\u00a0KontaktE-Mail: info@cautiva.deRedaktionell VerantwortlicherYasmina Ebert\u00a0Haftung f\u00fcr Inhalte Als Diensteanbieter sind wir gem\u00e4\u00df \u00a7 7 Abs.1 TMG f\u00fcr eigene Inhalte auf diesen Seiten nach den allgemeinen Gesetzen verantwortlich. Nach \u00a7\u00a7 8 bis 10 TMG sind wir als Diensteanbieter jedoch nicht verpflichtet, \u00fcbermittelte oder gespeicherte fremde Informationen zu \u00fcberwachen oder nach [&hellip;]<\/p>\n","protected":false},"author":1,"featured_media":0,"parent":0,"menu_order":0,"comment_status":"closed","ping_status":"closed","template":"","meta":{"footnotes":""},"class_list":["post-1171","page","type-page","status-publish","hentry"],"yoast_head":"<!-- This site is optimized with the Yoast SEO plugin v19.8 - https:\/\/yoast.com\/wordpress\/plugins\/seo\/ -->\n<title>Impressum -<\/title>\n<meta name=\"robots\" content=\"index, follow, max-snippet:-1, max-image-preview:large, max-video-preview:-1\" \/>\n<link rel=\"canonical\" href=\"https:\/\/cautiva.de\/?page_id=1171\" \/>\n<meta property=\"og:locale\" content=\"de_DE\" \/>\n<meta property=\"og:type\" content=\"article\" \/>\n<meta property=\"og:title\" content=\"Impressum -\" \/>\n<meta property=\"og:description\" content=\"ImpressumAngaben gem\u00e4\u00df\u00a7 5 TMGYasmina EbertPostanschrift:Vervisio\u00a0Obere Bahnhofstrasse 6082110 Germering\u00a0KontaktE-Mail: info@cautiva.deRedaktionell VerantwortlicherYasmina Ebert\u00a0Haftung f\u00fcr Inhalte Als Diensteanbieter sind wir gem\u00e4\u00df \u00a7 7 Abs.1 TMG f\u00fcr eigene Inhalte auf diesen Seiten nach den allgemeinen Gesetzen verantwortlich. Nach \u00a7\u00a7 8 bis 10 TMG sind wir als Diensteanbieter jedoch nicht verpflichtet, \u00fcbermittelte oder gespeicherte fremde Informationen zu \u00fcberwachen oder nach [&hellip;]\" \/>\n<meta property=\"og:url\" content=\"https:\/\/cautiva.de\/?page_id=1171\" \/>\n<meta property=\"article:modified_time\" content=\"2021-06-30T10:58:36+00:00\" \/>\n<meta name=\"twitter:card\" content=\"summary_large_image\" \/>\n<meta name=\"twitter:label1\" content=\"Gesch\u00e4tzte Lesezeit\" \/>\n\t<meta name=\"twitter:data1\" content=\"2\u00a0Minuten\" \/>\n<script type=\"application\/ld+json\" class=\"yoast-schema-graph\">{\"@context\":\"https:\/\/schema.org\",\"@graph\":[{\"@type\":\"WebPage\",\"@id\":\"https:\/\/cautiva.de\/?page_id=1171\",\"url\":\"https:\/\/cautiva.de\/?page_id=1171\",\"name\":\"Impressum -\",\"isPartOf\":{\"@id\":\"https:\/\/cautiva.de\/#website\"},\"datePublished\":\"2021-04-23T18:17:32+00:00\",\"dateModified\":\"2021-06-30T10:58:36+00:00\",\"breadcrumb\":{\"@id\":\"https:\/\/cautiva.de\/?page_id=1171#breadcrumb\"},\"inLanguage\":\"de\",\"potentialAction\":[{\"@type\":\"ReadAction\",\"target\":[\"https:\/\/cautiva.de\/?page_id=1171\"]}]},{\"@type\":\"BreadcrumbList\",\"@id\":\"https:\/\/cautiva.de\/?page_id=1171#breadcrumb\",\"itemListElement\":[{\"@type\":\"ListItem\",\"position\":1,\"name\":\"Startseite\",\"item\":\"https:\/\/cautiva.de\/\"},{\"@type\":\"ListItem\",\"position\":2,\"name\":\"Impressum\"}]},{\"@type\":\"WebSite\",\"@id\":\"https:\/\/cautiva.de\/#website\",\"url\":\"https:\/\/cautiva.de\/\",\"name\":\"\",\"description\":\"Entspannung - Achtsamkeit - Gesundheit\",\"publisher\":{\"@id\":\"https:\/\/cautiva.de\/#organization\"},\"potentialAction\":[{\"@type\":\"SearchAction\",\"target\":{\"@type\":\"EntryPoint\",\"urlTemplate\":\"https:\/\/cautiva.de\/?s={search_term_string}\"},\"query-input\":\"required name=search_term_string\"}],\"inLanguage\":\"de\"},{\"@type\":\"Organization\",\"@id\":\"https:\/\/cautiva.de\/#organization\",\"name\":\"Cautiva Mindfulness\",\"url\":\"https:\/\/cautiva.de\/\",\"sameAs\":[\"https:\/\/www.instagram.com\/cautiva.de\/\"],\"logo\":{\"@type\":\"ImageObject\",\"inLanguage\":\"de\",\"@id\":\"https:\/\/cautiva.de\/#\/schema\/logo\/image\/\",\"url\":\"https:\/\/cautiva.de\/wp-content\/uploads\/2021\/05\/87B2EE39-F92D-4401-A588-9583AD9A5A8F.png\",\"contentUrl\":\"https:\/\/cautiva.de\/wp-content\/uploads\/2021\/05\/87B2EE39-F92D-4401-A588-9583AD9A5A8F.png\",\"width\":500,\"height\":500,\"caption\":\"Cautiva Mindfulness\"},\"image\":{\"@id\":\"https:\/\/cautiva.de\/#\/schema\/logo\/image\/\"}}]}<\/script>\n<!-- \/ Yoast SEO plugin. -->","yoast_head_json":{"title":"Impressum -","robots":{"index":"index","follow":"follow","max-snippet":"max-snippet:-1","max-image-preview":"max-image-preview:large","max-video-preview":"max-video-preview:-1"},"canonical":"https:\/\/cautiva.de\/?page_id=1171","og_locale":"de_DE","og_type":"article","og_title":"Impressum -","og_description":"ImpressumAngaben gem\u00e4\u00df\u00a7 5 TMGYasmina EbertPostanschrift:Vervisio\u00a0Obere Bahnhofstrasse 6082110 Germering\u00a0KontaktE-Mail: info@cautiva.deRedaktionell VerantwortlicherYasmina Ebert\u00a0Haftung f\u00fcr Inhalte Als Diensteanbieter sind wir gem\u00e4\u00df \u00a7 7 Abs.1 TMG f\u00fcr eigene Inhalte auf diesen Seiten nach den allgemeinen Gesetzen verantwortlich. Nach \u00a7\u00a7 8 bis 10 TMG sind wir als Diensteanbieter jedoch nicht verpflichtet, \u00fcbermittelte oder gespeicherte fremde Informationen zu \u00fcberwachen oder nach [&hellip;]","og_url":"https:\/\/cautiva.de\/?page_id=1171","article_modified_time":"2021-06-30T10:58:36+00:00","twitter_card":"summary_large_image","twitter_misc":{"Gesch\u00e4tzte Lesezeit":"2\u00a0Minuten"},"schema":{"@context":"https:\/\/schema.org","@graph":[{"@type":"WebPage","@id":"https:\/\/cautiva.de\/?page_id=1171","url":"https:\/\/cautiva.de\/?page_id=1171","name":"Impressum -","isPartOf":{"@id":"https:\/\/cautiva.de\/#website"},"datePublished":"2021-04-23T18:17:32+00:00","dateModified":"2021-06-30T10:58:36+00:00","breadcrumb":{"@id":"https:\/\/cautiva.de\/?page_id=1171#breadcrumb"},"inLanguage":"de","potentialAction":[{"@type":"ReadAction","target":["https:\/\/cautiva.de\/?page_id=1171"]}]},{"@type":"BreadcrumbList","@id":"https:\/\/cautiva.de\/?page_id=1171#breadcrumb","itemListElement":[{"@type":"ListItem","position":1,"name":"Startseite","item":"https:\/\/cautiva.de\/"},{"@type":"ListItem","position":2,"name":"Impressum"}]},{"@type":"WebSite","@id":"https:\/\/cautiva.de\/#website","url":"https:\/\/cautiva.de\/","name":"","description":"Entspannung - Achtsamkeit - Gesundheit","publisher":{"@id":"https:\/\/cautiva.de\/#organization"},"potentialAction":[{"@type":"SearchAction","target":{"@type":"EntryPoint","urlTemplate":"https:\/\/cautiva.de\/?s={search_term_string}"},"query-input":"required name=search_term_string"}],"inLanguage":"de"},{"@type":"Organization","@id":"https:\/\/cautiva.de\/#organization","name":"Cautiva Mindfulness","url":"https:\/\/cautiva.de\/","sameAs":["https:\/\/www.instagram.com\/cautiva.de\/"],"logo":{"@type":"ImageObject","inLanguage":"de","@id":"https:\/\/cautiva.de\/#\/schema\/logo\/image\/","url":"https:\/\/cautiva.de\/wp-content\/uploads\/2021\/05\/87B2EE39-F92D-4401-A588-9583AD9A5A8F.png","contentUrl":"https:\/\/cautiva.de\/wp-content\/uploads\/2021\/05\/87B2EE39-F92D-4401-A588-9583AD9A5A8F.png","width":500,"height":500,"caption":"Cautiva Mindfulness"},"image":{"@id":"https:\/\/cautiva.de\/#\/schema\/logo\/image\/"}}]}},"_links":{"self":[{"href":"https:\/\/cautiva.de\/index.php?rest_route=\/wp\/v2\/pages\/1171","targetHints":{"allow":["GET"]}}],"collection":[{"href":"https:\/\/cautiva.de\/index.php?rest_route=\/wp\/v2\/pages"}],"about":[{"href":"https:\/\/cautiva.de\/index.php?rest_route=\/wp\/v2\/types\/page"}],"author":[{"embeddable":true,"href":"https:\/\/cautiva.de\/index.php?rest_route=\/wp\/v2\/users\/1"}],"replies":[{"embeddable":true,"href":"https:\/\/cautiva.de\/index.php?rest_route=%2Fwp%2Fv2%2Fcomments&post=1171"}],"version-history":[{"count":16,"href":"https:\/\/cautiva.de\/index.php?rest_route=\/wp\/v2\/pages\/1171\/revisions"}],"predecessor-version":[{"id":1915,"href":"https:\/\/cautiva.de\/index.php?rest_route=\/wp\/v2\/pages\/1171\/revisions\/1915"}],"wp:attachment":[{"href":"https:\/\/cautiva.de\/index.php?rest_route=%2Fwp%2Fv2%2Fmedia&parent=1171"}],"curies":[{"name":"wp","href":"https:\/\/api.w.org\/{rel}","templated":true}]}}